{"id":39740,"date":"2023-07-24T20:08:03","date_gmt":"2023-07-24T20:08:03","guid":{"rendered":"https:\/\/business-one.local\/?page_id=7"},"modified":"2025-12-17T11:37:06","modified_gmt":"2025-12-17T10:37:06","slug":"home","status":"publish","type":"page","link":"https:\/\/winaptrading.eu\/zh\/","title":{"rendered":"\u9996\u9875"},"content":{"rendered":"\n<section class=\"gbp-section gb-element-309542b0\" id=\"top\"><\/section>\n\n\n\n<section class=\"gbp-section gb-element-ef90b69c\">\n<div class=\"gbp-section__inner gb-element-17b79652\">\n<div class=\"gb-element-50fdeb35\">\n<h1 class=\"gb-text gbp-section__headline gb-text-6b7641af\"><br>Internationaler Gro\u00dfhandel f\u00fcr Food &amp; Non-Food-Produkte<\/h1>\n\n\n\n<p class=\"gb-text gbp-section__text gb-text-86f01f4a\"><br>Seit 2022 beliefern wir Gro\u00dfh\u00e4ndler und Importeure in Italien und ganz Europa mit Frisch- und Lagerware \u2013 zuverl\u00e4ssig, termingerecht und in gleichbleibender Qualit\u00e4t.<\/p>\n\n\n\n<a class=\"gb-text gb-text-724edcfc\" href=\"#services\">Unsere Services<\/a>\n<\/div>\n\n\n\n<div class=\"gb-element-b515da73\"><\/div>\n<\/div>\n<\/section>\n\n\n\n<div class=\"gbp-section gb-element-5cc7d79c\" id=\"services\">\n<div class=\"gbp-section__inner gb-element-442b33c6\">\n<div class=\"gb-element-18f7b4d6\">\n<h2 class=\"gb-text gb-text-1ffe2a31\">Was wir liefern<\/h2>\n\n\n\n<p class=\"gb-text\">Unser Sortiment umfasst ein breites Spektrum an Lebensmitteln und Non-Food-Artikeln \u2013 in industriellen Verpackungseinheiten und LKW-Ladungen. Wir handeln ausschlie\u00dflich im Gro\u00dfhandel \u2013 keine Einzelhandelsverk\u00e4ufe.<\/p>\n<\/div>\n<\/div>\n\n\n\n<div class=\"gbp-section__inner gb-element-9f4bd469\">\n<div class=\"gb-element-c78d454f\">\n<img loading=\"lazy\" decoding=\"async\" width=\"780\" height=\"780\" class=\"gbp--box-shadow gb-media-bfafb834\" src=\"https:\/\/winaptrading.eu\/wp-content\/uploads\/2025\/11\/fleisch-am-haken_780.jpg\" alt=\"Schweineh\u00e4lften h\u00e4ngen in Reihe am Haken\" title=\"fleisch-am-haken_780\" srcset=\"https:\/\/winaptrading.eu\/wp-content\/uploads\/2025\/11\/fleisch-am-haken_780.jpg 780w, https:\/\/winaptrading.eu\/wp-content\/uploads\/2025\/11\/fleisch-am-haken_780-300x300.jpg 300w, https:\/\/winaptrading.eu\/wp-content\/uploads\/2025\/11\/fleisch-am-haken_780-150x150.jpg 150w, https:\/\/winaptrading.eu\/wp-content\/uploads\/2025\/11\/fleisch-am-haken_780-768x768.jpg 768w\" sizes=\"auto, (max-width: 780px) 100vw, 780px\" \/>\n\n\n\n<div class=\"gb-element-b4ee33b8\">\n<h3 class=\"gb-text gb-text-880256a9\">Fleischware<\/h3>\n\n\n\n<p class=\"gb-text gbp-section__text--sm gb-text-4c923e94\">Fleischprodukte aus europ\u00e4ischen Betrieben, darunter Gro\u00dfst\u00fccke und Schinken in verarbeitungs- und handels\u00fcblichen Einheiten.<br>Die Lieferung erfolgt LKW-weise und in durchgehender K\u00fchlkette.<\/p>\n<\/div>\n<\/div>\n\n\n\n<div class=\"gb-element-6da6c516\">\n<img loading=\"lazy\" decoding=\"async\" width=\"780\" height=\"780\" class=\"gbp--box-shadow gb-media-c66d9f84\" src=\"https:\/\/winaptrading.eu\/wp-content\/uploads\/2025\/11\/lager-mit-menschen_780.jpg\" alt=\"Menschen laufen gesch\u00e4ftig in einem Lager mit Hochregalen.\" title=\"lager-mit-menschen_780\" srcset=\"https:\/\/winaptrading.eu\/wp-content\/uploads\/2025\/11\/lager-mit-menschen_780.jpg 780w, https:\/\/winaptrading.eu\/wp-content\/uploads\/2025\/11\/lager-mit-menschen_780-300x300.jpg 300w, https:\/\/winaptrading.eu\/wp-content\/uploads\/2025\/11\/lager-mit-menschen_780-150x150.jpg 150w, https:\/\/winaptrading.eu\/wp-content\/uploads\/2025\/11\/lager-mit-menschen_780-768x768.jpg 768w\" sizes=\"auto, (max-width: 780px) 100vw, 780px\" \/>\n\n\n\n<div class=\"gb-element-3da1e3bf\">\n<h3 class=\"gb-text gb-text-b71b1f65\">Trockenware<\/h3>\n\n\n\n<p class=\"gb-text gbp-section__text--sm gb-text-0ed0c775\"><br>Haltbare Lebensmittel wie Konserven, Grundzutaten, Gew\u00fcrze und Beilagen \u2013 verpackt in industriellen Mengen und f\u00fcr Gro\u00dfh\u00e4ndler geeignet.<\/p>\n<\/div>\n<\/div>\n\n\n\n<div class=\"gb-element-0e4c72ad\">\n<img loading=\"lazy\" decoding=\"async\" width=\"780\" height=\"780\" class=\"gbp--box-shadow gb-media-f9ec282a\" src=\"https:\/\/winaptrading.eu\/wp-content\/uploads\/2025\/11\/lager-mit-paletten_780.jpg\" alt=\"Lager mit hoch gestapelten Paletten, darauf blaue Kisten.\" title=\"lager-mit-paletten_780\" srcset=\"https:\/\/winaptrading.eu\/wp-content\/uploads\/2025\/11\/lager-mit-paletten_780.jpg 780w, https:\/\/winaptrading.eu\/wp-content\/uploads\/2025\/11\/lager-mit-paletten_780-300x300.jpg 300w, https:\/\/winaptrading.eu\/wp-content\/uploads\/2025\/11\/lager-mit-paletten_780-150x150.jpg 150w, https:\/\/winaptrading.eu\/wp-content\/uploads\/2025\/11\/lager-mit-paletten_780-768x768.jpg 768w\" sizes=\"auto, (max-width: 780px) 100vw, 780px\" \/>\n\n\n\n<div class=\"gb-element-098124d6\">\n<h3 class=\"gb-text gb-text-7a0f5ea8\">Non-Food<\/h3>\n\n\n\n<p class=\"gb-text gbp-section__text--sm gb-text-8236bf4e\">Verpackungsmaterialien wie Stretchfolie, Hygieneartikel und Transportbedarf f\u00fcr den professionellen Einsatz in Lebensmittel- und Logistikbetrieben.<\/p>\n<\/div>\n<\/div>\n<\/div>\n<\/div>\n\n\n\n<section class=\"gbp-section gb-element-3b5dde91\">\n<div class=\"gbp-section__inner gb-element-5706cd50\">\n<div class=\"gb-element-acae8e5a\">\n<h2 class=\"gb-text gbp-section__headline gb-text-50de6661\">Vorteile auf einen Blick<\/h2>\n<\/div>\n<\/div>\n\n\n\n<div class=\"gbp-section__inner gb-element-073910d2\">\n<div class=\"gb-element-b43dd849\">\n<div class=\"gb-element-8427c663\">\n<img loading=\"lazy\" decoding=\"async\" width=\"66\" height=\"66\" class=\"gb-media-64b22628\" alt=\"Icon fahrender Lastwagen\" src=\"https:\/\/winaptrading.eu\/wp-content\/uploads\/2025\/11\/lastwagen_weiss.svg\" title=\"lastwagen_weiss\"\/>\n<\/div>\n\n\n\n<p class=\"gb-text gbp-card__title gb-text-5c3609b4\">T\u00e4gliche Lieferung<\/p>\n<\/div>\n\n\n\n<div class=\"gb-element-0bb258e2\">\n<div class=\"gb-element-c05bc68c\">\n<img loading=\"lazy\" decoding=\"async\" width=\"62\" height=\"62\" class=\"gb-media-6445f41f\" alt=\"Icon EU Wappen\" src=\"https:\/\/winaptrading.eu\/wp-content\/uploads\/2025\/11\/eu_weiss.svg\" title=\"eu_weiss\"\/>\n<\/div>\n\n\n\n<p class=\"gb-text gbp-card__title gb-text-33249f15\">Europ\u00e4ische Herkunft<\/p>\n<\/div>\n\n\n\n<div class=\"gb-element-2eba2a1f\">\n<div class=\"gb-element-486c6637\">\n<img loading=\"lazy\" decoding=\"async\" width=\"62\" height=\"62\" class=\"gb-media-11d2284f\" alt=\"Icon Hand h\u00e4lt Paket\" src=\"https:\/\/winaptrading.eu\/wp-content\/uploads\/2025\/11\/einfache-ruckgabe_weiss.svg\" title=\"einfache-ruckgabe_weiss\"\/>\n<\/div>\n\n\n\n<p class=\"gb-text gbp-card__title gb-text-e6798166\">Einfaches Handling<\/p>\n<\/div>\n\n\n\n<div class=\"gb-element-838b69ec\">\n<div class=\"gb-element-2cf8b7b0\">\n<img loading=\"lazy\" decoding=\"async\" width=\"62\" height=\"61\" class=\"gb-media-2145a531\" alt=\"Icon Handshake\" src=\"https:\/\/winaptrading.eu\/wp-content\/uploads\/2025\/11\/handel_weiss.svg\" title=\"handel_weiss\"\/>\n<\/div>\n\n\n\n<p class=\"gb-text gbp-card__title gb-text-d9e09f1b\">Pers\u00f6nlicher Ansprechpartner<\/p>\n<\/div>\n\n\n\n<div class=\"gb-element-d76eab5a\">\n<div class=\"gb-element-372ef80f\">\n<img loading=\"lazy\" decoding=\"async\" width=\"62\" height=\"61\" class=\"gb-media-fc0ffa26\" alt=\"Icon Qualit\u00e4tssiegel\" src=\"https:\/\/winaptrading.eu\/wp-content\/uploads\/2025\/11\/qualitat_weiss.svg\" title=\"qualitat_weiss\"\/>\n<\/div>\n\n\n\n<p class=\"gb-text gbp-card__title gb-text-a010f547\">Qualit\u00e4t<\/p>\n<\/div>\n\n\n\n<div class=\"gb-element-a14c7824\">\n<div class=\"gb-element-1f66bd1d\">\n<img loading=\"lazy\" decoding=\"async\" width=\"62\" height=\"62\" class=\"gb-media-f35a6933\" alt=\"Icon Globus mit Gradnetz\" src=\"https:\/\/winaptrading.eu\/wp-content\/uploads\/2025\/11\/internationaler-handel_weiss.svg\" title=\"internationaler-handel_weiss\"\/>\n<\/div>\n\n\n\n<p class=\"gb-text gbp-card__title gb-text-2a25dbd5\">Faire Grosshandelspreise<\/p>\n<\/div>\n<\/div>\n\n\n\n<div class=\"gbp-section__inner gb-element-87bf3768\">\n<div class=\"gb-element-a1fee3dc\">\n<a class=\"gb-text gb-text-e61bc415\" href=\"mailto:info@winaptrading.eu\" target=\"_blank\" rel=\"noopener nofollow\">JETZT Anfragen<\/a>\n<\/div>\n<\/div>\n<\/section>\n\n\n\n<section class=\"gbp-section gb-element-78cc4287\" id=\"about\">\n<div class=\"gbp-section__inner gb-element-fdb9e807\">\n<div class=\"gb-element-3febce43\">\n<div class=\"gb-text gb-text-c092af50\">\u00dcber uns<\/div>\n\n\n\n<h2 class=\"gb-text gb-text-44522646\">Was wir leisten<\/h2>\n\n\n\n<p class=\"gb-text gbp-section__text gb-text-2ac64f4a\">Die WINAP Trading GmbH wurde 2022 gegr\u00fcndet \u2013 auf einem Fundament von \u00fcber 40 Jahren Erfahrung im internationalen Food- und Fleischhandel.<\/p>\n\n\n\n<p class=\"gb-text gbp-section__text gb-text-a6cebc8a\">Wir verbinden Hersteller und Gro\u00dfh\u00e4ndler in Italien und ganz Europa, koordinieren Einkauf, Import und Logistik mit der Genauigkeit eines Uhrwerks.<\/p>\n\n\n\n<p class=\"gb-text gbp-section__text gb-text-97c7daa7\">Was wir bewegen, bewegt sich zuverl\u00e4ssig: p\u00fcnktliche LKW-Lieferungen, klare Abl\u00e4ufe, effiziente Prozesse. Jede Woche. Jede Tour. Jedes Detail z\u00e4hlt.<\/p>\n<\/div>\n\n\n\n<div class=\"gb-element-89d13bb3\">\n<div class=\"gb-element-f2186637\">\n<div class=\"gb-element-d2f8b8c3\">\n<div class=\"gb-text gb-text-3d46696b\">28+<\/div>\n\n\n\n<div class=\"gb-text gb-text-7f4963b1\">Jahre Erfahrung in der Lebensmittelbranche<\/div>\n<\/div>\n\n\n\n<div class=\"gb-element-1eec1e4e\">\n<div class=\"gb-text gb-text-3f87dffb\">25t<\/div>\n\n\n\n<div class=\"gb-text gb-text-a1f78821\">T\u00e4gliches Liefervolumen<\/div>\n<\/div>\n\n\n\n<div class=\"gb-element-6c6aabd3\">\n<div class=\"gb-text gb-text-19c6ac0e\">250+<\/div>\n\n\n\n<div class=\"gb-text gb-text-f50e22b0\">Produkte<\/div>\n<\/div>\n\n\n\n<div class=\"gb-element-a1053525\">\n<div class=\"gb-text gb-text-7060c372\">90+<\/div>\n\n\n\n<div class=\"gb-text gb-text-8435fa95\">Langj\u00e4hrige Partner<\/div>\n<\/div>\n<\/div>\n<\/div>\n<\/div>\n<\/section>\n\n\n\n<section class=\"gbp-section gb-element-80b23832\" id=\"kontakt\">\n<div class=\"gbp-section__inner gb-element-213c1780\">\n<div class=\"gb-element-52b0c7c1\"><\/div>\n\n\n\n<div class=\"gb-element-960f8351\">\n<div>\n<div class=\"gb-element-8b53ad88\">\n<div>\n<p class=\"gb-text-098e4a54\"><span class=\"gb-shape\"><svg aria-hidden=\"true\" role=\"img\" height=\"1em\" width=\"1em\" viewBox=\"0 0 512 512\" xmlns=\"http:\/\/www.w3.org\/2000\/svg\"><path fill=\"currentColor\" d=\"M493.4 24.6l-104-24c-11.3-2.6-22.9 3.3-27.5 13.9l-48 112c-4.2 9.8-1.4 21.3 6.9 28l60.6 49.6c-36 76.7-98.9 140.5-177.2 177.2l-49.6-60.6c-6.8-8.3-18.2-11.1-28-6.9l-112 48C3.9 366.5-2 378.1.6 389.4l24 104C27.1 504.2 36.7 512 48 512c256.1 0 464-207.5 464-464 0-11.2-7.7-20.9-18.6-23.4z\"><\/path><\/svg><\/span><span class=\"gb-text\">+49 (0)151 1696 1548<\/span><\/p>\n<\/div>\n\n\n\n<div>\n<p class=\"gb-text-7233a865\"><span class=\"gb-shape\"><svg aria-hidden=\"true\" role=\"img\" height=\"1em\" width=\"1em\" viewBox=\"0 0 512 512\" xmlns=\"http:\/\/www.w3.org\/2000\/svg\"><path fill=\"currentColor\" d=\"M464 64H48C21.49 64 0 85.49 0 112v288c0 26.51 21.49 48 48 48h416c26.51 0 48-21.49 48-48V112c0-26.51-21.49-48-48-48zm0 48v40.805c-22.422 18.259-58.168 46.651-134.587 106.49-16.841 13.247-50.201 45.072-73.413 44.701-23.208.375-56.579-31.459-73.413-44.701C106.18 199.465 70.425 171.067 48 152.805V112h416zM48 400V214.398c22.914 18.251 55.409 43.862 104.938 82.646 21.857 17.205 60.134 55.186 103.062 54.955 42.717.231 80.509-37.199 103.053-54.947 49.528-38.783 82.032-64.401 104.947-82.653V400H48z\"><\/path><\/svg><\/span><span class=\"gb-text\">info@winaptrading.eu<\/span><\/p>\n<\/div>\n<\/div>\n<\/div>\n\n\n\n<div>\n<div class=\"gb-element-5f9fcd4d\">\n<div>\n<p class=\"gb-text-ac62272c\"><span class=\"gb-shape\"><svg aria-hidden=\"true\" role=\"img\" height=\"1em\" width=\"1em\" viewBox=\"0 0 384 512\" xmlns=\"http:\/\/www.w3.org\/2000\/svg\"><path fill=\"currentColor\" d=\"M172.268 501.67C26.97 291.031 0 269.413 0 192 0 85.961 85.961 0 192 0s192 85.961 192 192c0 77.413-26.97 99.031-172.268 309.67-9.535 13.774-29.93 13.773-39.464 0zM192 272c44.183 0 80-35.817 80-80s-35.817-80-80-80-80 35.817-80 80 35.817 80 80 80z\"><\/path><\/svg><\/span><span class=\"gb-text\">B\u00fcro \/ Hauptsitz<\/span><\/p>\n<\/div>\n\n\n\n<div>\n<p class=\"gb-text gb-text-fa082812\">Imhofstra\u00dfe 12<br>D-86159 Augsburg<\/p>\n<\/div>\n<\/div>\n<\/div>\n\n\n\n<div>\n<div class=\"gb-element-efa96fe5\">\n<div>\n<p class=\"gb-text-d679069a\"><span class=\"gb-shape\"><svg aria-hidden=\"true\" role=\"img\" height=\"1em\" width=\"1em\" viewBox=\"0 0 384 512\" xmlns=\"http:\/\/www.w3.org\/2000\/svg\"><path fill=\"currentColor\" d=\"M172.268 501.67C26.97 291.031 0 269.413 0 192 0 85.961 85.961 0 192 0s192 85.961 192 192c0 77.413-26.97 99.031-172.268 309.67-9.535 13.774-29.93 13.773-39.464 0zM192 272c44.183 0 80-35.817 80-80s-35.817-80-80-80-80 35.817-80 80 35.817 80 80 80z\"><\/path><\/svg><\/span><span class=\"gb-text\">B\u00fcro \/ Lageradresse<\/span><\/p>\n<\/div>\n\n\n\n<div>\n<p class=\"gb-text gb-text-2f5549c2\">Amselstra\u00dfe 12<br>D-82467 Garmisch-Partenkirchen<\/p>\n<\/div>\n<\/div>\n<\/div>\n<\/div>\n<\/div>\n<\/section>\n\n\n\n<section class=\"gbp-section gb-element-78790fcf\"><div id=\"wpgmza_map_1\" class=\"wpgmza_map wpgmza-auto-left\" style=\"display:block;width:100%;height:50vh;overflow:hidden;position:relative;\" data-map-id=\"1\" data-maps-engine=\"google-maps\" data-build-engine=\"atlas-novus\" data-shortcode-attributes=\"{&quot;id&quot;:&quot;1&quot;,&quot;zoom&quot;:false,&quot;width&quot;:false,&quot;height&quot;:false,&quot;marker&quot;:false,&quot;classname&quot;:false}\" data-settings=\"{&quot;map_title&quot;:&quot;Karte Startseite&quot;,&quot;map_width&quot;:&quot;100&quot;,&quot;map_height&quot;:&quot;50&quot;,&quot;map_start_lat&quot;:&quot;47.50427350000001&quot;,&quot;map_start_lng&quot;:&quot;11.098533800000006&quot;,&quot;map_start_location&quot;:&quot;45.950464398418106,-109.81550500000003&quot;,&quot;map_start_zoom&quot;:&quot;13&quot;,&quot;default_marker&quot;:&quot;&quot;,&quot;type&quot;:&quot;1&quot;,&quot;alignment&quot;:&quot;4&quot;,&quot;directions_enabled&quot;:&quot;0&quot;,&quot;styling_enabled&quot;:&quot;0&quot;,&quot;styling_json&quot;:&quot;&quot;,&quot;active&quot;:&quot;0&quot;,&quot;kml&quot;:&quot;&quot;,&quot;bicycle&quot;:&quot;0&quot;,&quot;traffic&quot;:&quot;0&quot;,&quot;dbox&quot;:&quot;0&quot;,&quot;dbox_width&quot;:&quot;&quot;,&quot;listmarkers&quot;:&quot;0&quot;,&quot;listmarkers_advanced&quot;:&quot;0&quot;,&quot;filterbycat&quot;:&quot;0&quot;,&quot;ugm_enabled&quot;:&quot;0&quot;,&quot;ugm_category_enabled&quot;:&quot;0&quot;,&quot;fusion&quot;:&quot;&quot;,&quot;map_width_type&quot;:&quot;%&quot;,&quot;map_height_type&quot;:&quot;vh&quot;,&quot;mass_marker_support&quot;:&quot;0&quot;,&quot;ugm_access&quot;:&quot;0&quot;,&quot;order_markers_by&quot;:&quot;0&quot;,&quot;order_markers_choice&quot;:&quot;0&quot;,&quot;show_user_location&quot;:&quot;0&quot;,&quot;default_to&quot;:&quot;&quot;,&quot;map_type&quot;:1,&quot;sl_stroke_color&quot;:&quot;&quot;,&quot;sl_fill_color&quot;:&quot;&quot;,&quot;sl_stroke_opacity&quot;:&quot;&quot;,&quot;sl_fill_opacity&quot;:&quot;&quot;,&quot;transport_layer&quot;:false,&quot;action&quot;:&quot;wpgmza_save_map&quot;,&quot;redirect_to&quot;:&quot;\\\/wp-admin\\\/admin-post.php&quot;,&quot;map_id&quot;:&quot;1&quot;,&quot;wpgmza_savemap&quot;:&quot;Karte speichern&quot;,&quot;http_referer&quot;:&quot;\\\/wp-admin\\\/admin.php?page=wp-google-maps-menu&amp;amp;action=edit&amp;amp;map_id=1&quot;,&quot;wpgmza_id&quot;:&quot;1&quot;,&quot;wpgmza_start_location&quot;:&quot;47.50427350000001,11.098533800000006&quot;,&quot;wpgmza_start_zoom&quot;:&quot;13&quot;,&quot;wpgmza_map_align&quot;:&quot;1&quot;,&quot;store_locator_enabled&quot;:false,&quot;store_locator_distance&quot;:false,&quot;store_locator_search_area&quot;:&quot;radial&quot;,&quot;wpgmza_store_locator_default_radius&quot;:&quot;10&quot;,&quot;store_locator_auto_area_max_zoom&quot;:&quot;&quot;,&quot;wpgmza_store_locator_radius_style&quot;:&quot;legacy&quot;,&quot;store_locator_component_anchor&quot;:&quot;0&quot;,&quot;store_locator_button_style&quot;:&quot;&quot;,&quot;wpgmza_store_locator_bounce&quot;:false,&quot;wpgmza_sl_animation&quot;:null,&quot;store_locator_query_string&quot;:&quot;&quot;,&quot;store_locator_location_placeholder&quot;:&quot;&quot;,&quot;store_locator_default_address&quot;:&quot;&quot;,&quot;store_locator_name_search&quot;:false,&quot;store_locator_name_string&quot;:&quot;&quot;,&quot;store_locator_not_found_message&quot;:&quot;&quot;,&quot;store_locator_show_distance&quot;:false,&quot;store_locator_category&quot;:false,&quot;wpgmza_store_locator_use_their_location&quot;:false,&quot;wpgmza_store_locator_hide_before_search&quot;:false,&quot;store_locator_nearby_searches&quot;:false,&quot;wpgmza_leaflet_tile_filter&quot;:&quot;none&quot;,&quot;wpgmza_theme_data&quot;:&quot;[{\\&quot;featureType\\&quot;:\\&quot;administrative.locality\\&quot;,\\&quot;elementType\\&quot;:\\&quot;all\\&quot;,\\&quot;stylers\\&quot;:[{\\&quot;hue\\&quot;:\\&quot;#2c2e33\\&quot;},{\\&quot;saturation\\&quot;:7},{\\&quot;lightness\\&quot;:19},{\\&quot;visibility\\&quot;:\\&quot;on\\&quot;}]},{\\&quot;featureType\\&quot;:\\&quot;landscape\\&quot;,\\&quot;elementType\\&quot;:\\&quot;all\\&quot;,\\&quot;stylers\\&quot;:[{\\&quot;hue\\&quot;:\\&quot;#ffffff\\&quot;},{\\&quot;saturation\\&quot;:-100},{\\&quot;lightness\\&quot;:100},{\\&quot;visibility\\&quot;:\\&quot;simplified\\&quot;}]},{\\&quot;featureType\\&quot;:\\&quot;poi\\&quot;,\\&quot;elementType\\&quot;:\\&quot;all\\&quot;,\\&quot;stylers\\&quot;:[{\\&quot;hue\\&quot;:\\&quot;#ffffff\\&quot;},{\\&quot;saturation\\&quot;:-100},{\\&quot;lightness\\&quot;:100},{\\&quot;visibility\\&quot;:\\&quot;off\\&quot;}]},{\\&quot;featureType\\&quot;:\\&quot;road\\&quot;,\\&quot;elementType\\&quot;:\\&quot;geometry\\&quot;,\\&quot;stylers\\&quot;:[{\\&quot;hue\\&quot;:\\&quot;#bbc0c4\\&quot;},{\\&quot;saturation\\&quot;:-93},{\\&quot;lightness\\&quot;:31},{\\&quot;visibility\\&quot;:\\&quot;simplified\\&quot;}]},{\\&quot;featureType\\&quot;:\\&quot;road\\&quot;,\\&quot;elementType\\&quot;:\\&quot;labels\\&quot;,\\&quot;stylers\\&quot;:[{\\&quot;hue\\&quot;:\\&quot;#bbc0c4\\&quot;},{\\&quot;saturation\\&quot;:-93},{\\&quot;lightness\\&quot;:31},{\\&quot;visibility\\&quot;:\\&quot;on\\&quot;}]},{\\&quot;featureType\\&quot;:\\&quot;road.arterial\\&quot;,\\&quot;elementType\\&quot;:\\&quot;labels\\&quot;,\\&quot;stylers\\&quot;:[{\\&quot;hue\\&quot;:\\&quot;#bbc0c4\\&quot;},{\\&quot;saturation\\&quot;:-93},{\\&quot;lightness\\&quot;:-2},{\\&quot;visibility\\&quot;:\\&quot;simplified\\&quot;}]},{\\&quot;featureType\\&quot;:\\&quot;road.local\\&quot;,\\&quot;elementType\\&quot;:\\&quot;geometry\\&quot;,\\&quot;stylers\\&quot;:[{\\&quot;hue\\&quot;:\\&quot;#e9ebed\\&quot;},{\\&quot;saturation\\&quot;:-90},{\\&quot;lightness\\&quot;:-8},{\\&quot;visibility\\&quot;:\\&quot;simplified\\&quot;}]},{\\&quot;featureType\\&quot;:\\&quot;transit\\&quot;,\\&quot;elementType\\&quot;:\\&quot;all\\&quot;,\\&quot;stylers\\&quot;:[{\\&quot;hue\\&quot;:\\&quot;#e9ebed\\&quot;},{\\&quot;saturation\\&quot;:10},{\\&quot;lightness\\&quot;:69},{\\&quot;visibility\\&quot;:\\&quot;on\\&quot;}]},{\\&quot;featureType\\&quot;:\\&quot;water\\&quot;,\\&quot;elementType\\&quot;:\\&quot;all\\&quot;,\\&quot;stylers\\&quot;:[{\\&quot;hue\\&quot;:\\&quot;#e9ebed\\&quot;},{\\&quot;saturation\\&quot;:-78},{\\&quot;lightness\\&quot;:67},{\\&quot;visibility\\&quot;:\\&quot;simplified\\&quot;}]}]&quot;,&quot;custom_tile_enabled&quot;:false,&quot;custom_tile_image&quot;:&quot;&quot;,&quot;custom_tile_image_width&quot;:&quot;&quot;,&quot;custom_tile_image_height&quot;:&quot;&quot;,&quot;custom_tile_image_attribution&quot;:&quot;&quot;,&quot;iw_anchor_panel_card&quot;:null,&quot;iw_primary_color&quot;:&quot;#000000&quot;,&quot;iw_accent_color&quot;:&quot;#000000&quot;,&quot;iw_text_color&quot;:&quot;#000000&quot;,&quot;close_infowindow_on_map_click&quot;:false,&quot;marker_share_links&quot;:false,&quot;wpgmza_listmarkers_by&quot;:&quot;0&quot;,&quot;marker_listing_component_anchor&quot;:null,&quot;marker_listing_component_auto_open&quot;:false,&quot;marker_listing_nudge_marker_center&quot;:false,&quot;marker_listing_nudge_x&quot;:&quot;&quot;,&quot;marker_listing_nudge_y&quot;:&quot;&quot;,&quot;category_filter_component_anchor&quot;:null,&quot;category_filter_label_string&quot;:&quot;&quot;,&quot;zoom_level_on_marker_listing_override&quot;:false,&quot;zoom_level_on_marker_listing_click&quot;:&quot;&quot;,&quot;marker_listing_disable_zoom&quot;:false,&quot;dataTable_pagination_style&quot;:null,&quot;datatable_no_result_message&quot;:&quot;&quot;,&quot;remove_search_box_datables&quot;:false,&quot;datatable_search_string&quot;:&quot;&quot;,&quot;datatable_result_start&quot;:&quot;&quot;,&quot;datatable_result_of&quot;:&quot;&quot;,&quot;datatable_result_to&quot;:&quot;&quot;,&quot;datatable_result_total&quot;:&quot;&quot;,&quot;datatable_result_show&quot;:&quot;&quot;,&quot;datatable_result_entries&quot;:&quot;&quot;,&quot;category_legends_enabled&quot;:false,&quot;category_legends_component_anchor&quot;:null,&quot;category_legends_style&quot;:null,&quot;category_legends_label_string&quot;:&quot;&quot;,&quot;jump_to_nearest_marker_on_initialization&quot;:false,&quot;click_open_link&quot;:false,&quot;wpgmza_zoom_on_marker_click&quot;:false,&quot;wpgmza_zoom_on_marker_click_slider&quot;:&quot;&quot;,&quot;enable_marker_labels&quot;:false,&quot;polygon_labels&quot;:false,&quot;disable_polygon_info_windows&quot;:false,&quot;shape_filtering&quot;:false,&quot;fit_maps_bounds_to_markers&quot;:false,&quot;fit_maps_bounds_to_markers_after_filtering&quot;:false,&quot;restrict_map_bounds&quot;:false,&quot;restrict_boundary_corner_a&quot;:&quot;&quot;,&quot;restrict_boundary_corner_b&quot;:&quot;&quot;,&quot;automatically_pan_to_users_location&quot;:false,&quot;enable_user_location_control&quot;:false,&quot;override_users_location_zoom_level&quot;:false,&quot;override_users_location_zoom_levels&quot;:&quot;&quot;,&quot;show_distance_from_location&quot;:false,&quot;map_starts_in_streetview&quot;:false,&quot;map_starts_in_streetview_location&quot;:&quot;&quot;,&quot;map_starts_in_streetview_heading&quot;:&quot;&quot;,&quot;map_starts_in_streetview_pitch&quot;:&quot;&quot;,&quot;map_max_zoom&quot;:&quot;21&quot;,&quot;map_min_zoom&quot;:&quot;0&quot;,&quot;disable_lightbox_images&quot;:false,&quot;use_Raw_Jpeg_Coordinates&quot;:false,&quot;enable_marker_ratings&quot;:false,&quot;enable_map_reset_control&quot;:false,&quot;zoom_level_mobile_override_enabled&quot;:false,&quot;zoom_level_mobile_override&quot;:&quot;&quot;,&quot;map_dimensions_mobile_override_enabled&quot;:false,&quot;map_mobile_width&quot;:&quot;100&quot;,&quot;map_mobile_width_type&quot;:&quot;%&quot;,&quot;map_mobile_height&quot;:&quot;200&quot;,&quot;map_mobile_height_type&quot;:&quot;px&quot;,&quot;lazyload_info_window_content&quot;:false,&quot;only_load_markers_within_viewport&quot;:false,&quot;hide_point_of_interest&quot;:false,&quot;wpgmza_theme&quot;:&quot;7&quot;,&quot;id&quot;:1}\" ><\/div>\n<\/section>\n","protected":false},"excerpt":{"rendered":"<p>Internationaler Gro\u00dfhandel f\u00fcr Food &amp; Non-Food-Produkte Seit 2022 beliefern wir Gro\u00dfh\u00e4ndler und Importeure in Italien und ganz Europa mit Frisch- und Lagerware \u2013 zuverl\u00e4ssig, termingerecht und in gleichbleibender Qualit\u00e4t. Unsere Services Was wir liefern Unser Sortiment umfasst ein breites Spektrum an Lebensmitteln und Non-Food-Artikeln \u2013 in industriellen Verpackungseinheiten und LKW-Ladungen. Wir handeln ausschlie\u00dflich im Gro\u00dfhandel &#8230; <a title=\"\u9996\u9875\" class=\"read-more\" href=\"https:\/\/winaptrading.eu\/zh\/\" aria-label=\"\u9605\u8bfb Home\">\u9605\u8bfb\u66f4\u591a<\/a><\/p>","protected":false},"author":1,"featured_media":0,"parent":0,"menu_order":0,"comment_status":"closed","ping_status":"closed","template":"","meta":{"footnotes":""},"class_list":["post-39740","page","type-page","status-publish"],"_links":{"self":[{"href":"https:\/\/winaptrading.eu\/zh\/wp-json\/wp\/v2\/pages\/39740","targetHints":{"allow":["GET"]}}],"collection":[{"href":"https:\/\/winaptrading.eu\/zh\/wp-json\/wp\/v2\/pages"}],"about":[{"href":"https:\/\/winaptrading.eu\/zh\/wp-json\/wp\/v2\/types\/page"}],"author":[{"embeddable":true,"href":"https:\/\/winaptrading.eu\/zh\/wp-json\/wp\/v2\/users\/1"}],"replies":[{"embeddable":true,"href":"https:\/\/winaptrading.eu\/zh\/wp-json\/wp\/v2\/comments?post=39740"}],"version-history":[{"count":9,"href":"https:\/\/winaptrading.eu\/zh\/wp-json\/wp\/v2\/pages\/39740\/revisions"}],"predecessor-version":[{"id":48340,"href":"https:\/\/winaptrading.eu\/zh\/wp-json\/wp\/v2\/pages\/39740\/revisions\/48340"}],"wp:attachment":[{"href":"https:\/\/winaptrading.eu\/zh\/wp-json\/wp\/v2\/media?parent=39740"}],"curies":[{"name":"wp","href":"https:\/\/api.w.org\/{rel}","templated":true}]}}